{"id":4695,"date":"2024-02-07T13:25:20","date_gmt":"2024-02-07T13:25:20","guid":{"rendered":"http:\/\/20.224.177.145\/?page_id=4695"},"modified":"2025-02-21T09:46:23","modified_gmt":"2025-02-21T09:46:23","slug":"our-policies","status":"publish","type":"page","link":"https:\/\/lyra-wellbeing.be\/fr\/our-policies\/","title":{"rendered":"Nos politiques"},"content":{"rendered":"<div data-elementor-type=\"wp-page\" data-elementor-id=\"4695\" class=\"elementor elementor-4695\" data-elementor-post-type=\"page\">\n\t\t\t\t\t\t<section class=\"elementor-section elementor-top-section elementor-element elementor-element-52ff067 elementor-section-boxed elementor-section-height-default elementor-section-height-default\" data-id=\"52ff067\" data-element_type=\"section\">\n\t\t\t\t\t\t<div class=\"elementor-container elementor-column-gap-custom\">\n\t\t\t\t\t<div class=\"elementor-column elementor-col-100 elementor-top-column elementor-element elementor-element-67ca3fb\" data-id=\"67ca3fb\" data-element_type=\"column\">\n\t\t\t<div class=\"elementor-widget-wrap elementor-element-populated\">\n\t\t\t\t\t\t<section class=\"elementor-section elementor-inner-section elementor-element elementor-element-4331cad elementor-reverse-mobile elementor-section-boxed elementor-section-height-default elementor-section-height-default\" data-id=\"4331cad\" data-element_type=\"section\">\n\t\t\t\t\t\t<div class=\"elementor-container elementor-column-gap-no\">\n\t\t\t\t\t<div class=\"elementor-column elementor-col-50 elementor-inner-column elementor-element elementor-element-e4fa042\" data-id=\"e4fa042\" data-element_type=\"column\">\n\t\t\t<div class=\"elementor-widget-wrap elementor-element-populated\">\n\t\t\t\t\t\t<div class=\"elementor-element elementor-element-22e974d elementor-widget elementor-widget-heading\" data-id=\"22e974d\" data-element_type=\"widget\" data-widget_type=\"heading.default\">\n\t\t\t\t<div class=\"elementor-widget-container\">\n\t\t\t\t\t<h2 class=\"elementor-heading-title elementor-size-default\">Nos politiques<\/h2>\t\t\t\t<\/div>\n\t\t\t\t<\/div>\n\t\t\t\t<div class=\"elementor-element elementor-element-22b4702 elementor-widget elementor-widget-text-editor\" data-id=\"22b4702\" data-element_type=\"widget\" data-widget_type=\"text-editor.default\">\n\t\t\t\t<div class=\"elementor-widget-container\">\n\t\t\t\t\t\t\t\t\t<p>Lyra Health International et ses filiales et succursales (appel\u00e9es \"Lyra International\" dans les politiques pr\u00e9sent\u00e9s) soutiennent les organisations en promouvant la sant\u00e9 et le bien-\u00eatre de leurs employ\u00e9s, tout en am\u00e9liorant la productivit\u00e9 et en r\u00e9duisant l\u2019absent\u00e9isme. Nous sommes fournisseurs de programmes d'aide aux employ\u00e9s (PAE) depuis 1987 et nous sommes aujourd'hui l'un des principaux acteurs mondiaux du secteur. Nous nous engageons \u00e0 assurer la protection de votre vie priv\u00e9e et de vos informations personnelles.<\/p>\t\t\t\t\t\t\t\t<\/div>\n\t\t\t\t<\/div>\n\t\t\t\t\t<\/div>\n\t\t<\/div>\n\t\t\t\t<div class=\"elementor-column elementor-col-50 elementor-inner-column elementor-element elementor-element-960faf2\" data-id=\"960faf2\" data-element_type=\"column\">\n\t\t\t<div class=\"elementor-widget-wrap elementor-element-populated\">\n\t\t\t\t\t\t<div class=\"elementor-element elementor-element-021c082 elementor-widget elementor-widget-image\" data-id=\"021c082\" data-element_type=\"widget\" data-widget_type=\"image.default\">\n\t\t\t\t<div class=\"elementor-widget-container\">\n\t\t\t\t\t\t\t\t\t\t\t\t\t\t\t<img fetchpriority=\"high\" decoding=\"async\" width=\"1024\" height=\"706\" src=\"https:\/\/lyra-wellbeing.be\/wp-content\/uploads\/2024\/02\/our-policies-1024x706.webp\" class=\"attachment-large size-large wp-image-6139\" alt=\"\" srcset=\"https:\/\/lyra-wellbeing.be\/wp-content\/uploads\/2024\/02\/our-policies-1024x706.webp 1024w, https:\/\/lyra-wellbeing.be\/wp-content\/uploads\/2024\/02\/our-policies-300x207.webp 300w, https:\/\/lyra-wellbeing.be\/wp-content\/uploads\/2024\/02\/our-policies-768x530.webp 768w, https:\/\/lyra-wellbeing.be\/wp-content\/uploads\/2024\/02\/our-policies-700x483.webp 700w, https:\/\/lyra-wellbeing.be\/wp-content\/uploads\/2024\/02\/our-policies.webp 1160w\" sizes=\"(max-width: 1024px) 100vw, 1024px\" \/>\t\t\t\t\t\t\t\t\t\t\t\t\t\t\t<\/div>\n\t\t\t\t<\/div>\n\t\t\t\t\t<\/div>\n\t\t<\/div>\n\t\t\t\t\t<\/div>\n\t\t<\/section>\n\t\t\t\t<section class=\"elementor-section elementor-inner-section elementor-element elementor-element-9890918 elementor-section-boxed elementor-section-height-default elementor-section-height-default\" data-id=\"9890918\" data-element_type=\"section\">\n\t\t\t\t\t\t<div class=\"elementor-container elementor-column-gap-no\">\n\t\t\t\t\t<div class=\"elementor-column elementor-col-100 elementor-inner-column elementor-element elementor-element-fd8cdab\" data-id=\"fd8cdab\" data-element_type=\"column\">\n\t\t\t<div class=\"elementor-widget-wrap elementor-element-populated\">\n\t\t\t\t\t\t<div class=\"elementor-element elementor-element-ee9e622 elementor-widget elementor-widget-html\" data-id=\"ee9e622\" data-element_type=\"widget\" data-widget_type=\"html.default\">\n\t\t\t\t<div class=\"elementor-widget-container\">\n\t\t\t\t\t<style>\n.policy-button.elementor-element > div > div .elementor-button{\n  background-color: #09586E !important;\n  background-image: linear-gradient(#017A8F, #017A8F), linear-gradient(#09586E, #09586E) !important;\n  background-size: 100% 100%, 0% 100% !important;\n  background-position: left top, left top !important;\n  background-repeat: no-repeat !important;\n  transition: background-size 0.3s linear !important;\n  border: none !important;\n}\n\n.policy-button.elementor-element > div > div .elementor-button:hover{\n  background-color: #017A8F !important;\n  background-image: linear-gradient(transparent, transparent), linear-gradient(#09586E, #09586E) !important;\n  background-size: 0% 100%, 100% 100% !important;\n}\n<\/style>\t\t\t\t<\/div>\n\t\t\t\t<\/div>\n\t\t\t\t<div class=\"elementor-element elementor-element-18ad073 elementor-align-left policy-button elementor-widget elementor-widget-button\" data-id=\"18ad073\" data-element_type=\"widget\" data-widget_type=\"button.default\">\n\t\t\t\t<div class=\"elementor-widget-container\">\n\t\t\t\t\t\t\t\t\t<div class=\"elementor-button-wrapper\">\n\t\t\t\t\t<a class=\"elementor-button elementor-button-link elementor-size-sm\" href=\"\/fr\/privacy-policy\/\">\n\t\t\t\t\t\t<span class=\"elementor-button-content-wrapper\">\n\t\t\t\t\t\t\t\t\t<span class=\"elementor-button-text\">Politique mondiale de confidentialit\u00e9 de Lyra International<\/span>\n\t\t\t\t\t<\/span>\n\t\t\t\t\t<\/a>\n\t\t\t\t<\/div>\n\t\t\t\t\t\t\t\t<\/div>\n\t\t\t\t<\/div>\n\t\t\t\t<div class=\"elementor-element elementor-element-60770f0 elementor-align-left policy-button elementor-widget elementor-widget-button\" data-id=\"60770f0\" data-element_type=\"widget\" data-widget_type=\"button.default\">\n\t\t\t\t<div class=\"elementor-widget-container\">\n\t\t\t\t\t\t\t\t\t<div class=\"elementor-button-wrapper\">\n\t\t\t\t\t<a class=\"elementor-button elementor-button-link elementor-size-sm\" href=\"\/fr\/lyra-international-portal-terms-and-conditions\/\">\n\t\t\t\t\t\t<span class=\"elementor-button-content-wrapper\">\n\t\t\t\t\t\t\t\t\t<span class=\"elementor-button-text\">Conditions g\u00e9n\u00e9rales d'utilisation du portail de Lyra International<\/span>\n\t\t\t\t\t<\/span>\n\t\t\t\t\t<\/a>\n\t\t\t\t<\/div>\n\t\t\t\t\t\t\t\t<\/div>\n\t\t\t\t<\/div>\n\t\t\t\t<div class=\"elementor-element elementor-element-20cb54b elementor-align-left policy-button elementor-widget elementor-widget-button\" data-id=\"20cb54b\" data-element_type=\"widget\" data-widget_type=\"button.default\">\n\t\t\t\t<div class=\"elementor-widget-container\">\n\t\t\t\t\t\t\t\t\t<div class=\"elementor-button-wrapper\">\n\t\t\t\t\t<a class=\"elementor-button elementor-button-link elementor-size-sm\" href=\"\/fr\/lyra-international-platform-acceptable-use-policy\/\">\n\t\t\t\t\t\t<span class=\"elementor-button-content-wrapper\">\n\t\t\t\t\t\t\t\t\t<span class=\"elementor-button-text\">Politique d'utilisation de la plate-forme Lyra International<\/span>\n\t\t\t\t\t<\/span>\n\t\t\t\t\t<\/a>\n\t\t\t\t<\/div>\n\t\t\t\t\t\t\t\t<\/div>\n\t\t\t\t<\/div>\n\t\t\t\t<div class=\"elementor-element elementor-element-1b86eab elementor-align-left policy-button elementor-widget elementor-widget-button\" data-id=\"1b86eab\" data-element_type=\"widget\" data-widget_type=\"button.default\">\n\t\t\t\t<div class=\"elementor-widget-container\">\n\t\t\t\t\t\t\t\t\t<div class=\"elementor-button-wrapper\">\n\t\t\t\t\t<a class=\"elementor-button elementor-button-link elementor-size-sm\" href=\"\/fr\/environmental-and-sustainability-policy\/\">\n\t\t\t\t\t\t<span class=\"elementor-button-content-wrapper\">\n\t\t\t\t\t\t\t\t\t<span class=\"elementor-button-text\">Politique de Lyra International en mati\u00e8re d'environnement et de d\u00e9veloppement durable<\/span>\n\t\t\t\t\t<\/span>\n\t\t\t\t\t<\/a>\n\t\t\t\t<\/div>\n\t\t\t\t\t\t\t\t<\/div>\n\t\t\t\t<\/div>\n\t\t\t\t<div class=\"elementor-element elementor-element-5ae5e6c elementor-align-left policy-button elementor-widget elementor-widget-button\" data-id=\"5ae5e6c\" data-element_type=\"widget\" data-widget_type=\"button.default\">\n\t\t\t\t<div class=\"elementor-widget-container\">\n\t\t\t\t\t\t\t\t\t<div class=\"elementor-button-wrapper\">\n\t\t\t\t\t<a class=\"elementor-button elementor-button-link elementor-size-sm\" href=\"\/fr\/lyra-international-complaints-policy-and-procedure\/\">\n\t\t\t\t\t\t<span class=\"elementor-button-content-wrapper\">\n\t\t\t\t\t\t\t\t\t<span class=\"elementor-button-text\">Politique et proc\u00e9dure de plaintes de Lyra International<\/span>\n\t\t\t\t\t<\/span>\n\t\t\t\t\t<\/a>\n\t\t\t\t<\/div>\n\t\t\t\t\t\t\t\t<\/div>\n\t\t\t\t<\/div>\n\t\t\t\t<div class=\"elementor-element elementor-element-1ae530b elementor-align-left policy-button elementor-widget elementor-widget-button\" data-id=\"1ae530b\" data-element_type=\"widget\" data-widget_type=\"button.default\">\n\t\t\t\t<div class=\"elementor-widget-container\">\n\t\t\t\t\t\t\t\t\t<div class=\"elementor-button-wrapper\">\n\t\t\t\t\t<a class=\"elementor-button elementor-button-link elementor-size-sm\" href=\"\/fr\/cookie-policy\/\">\n\t\t\t\t\t\t<span class=\"elementor-button-content-wrapper\">\n\t\t\t\t\t\t\t\t\t<span class=\"elementor-button-text\">Politique de Lyra International en mati\u00e8re de cookies<\/span>\n\t\t\t\t\t<\/span>\n\t\t\t\t\t<\/a>\n\t\t\t\t<\/div>\n\t\t\t\t\t\t\t\t<\/div>\n\t\t\t\t<\/div>\n\t\t\t\t<div class=\"elementor-element elementor-element-a1ff55c elementor-align-left policy-button elementor-widget elementor-widget-button\" data-id=\"a1ff55c\" data-element_type=\"widget\" data-widget_type=\"button.default\">\n\t\t\t\t<div class=\"elementor-widget-container\">\n\t\t\t\t\t\t\t\t\t<div class=\"elementor-button-wrapper\">\n\t\t\t\t\t<a class=\"elementor-button elementor-button-link elementor-size-sm\" href=\"\/fr\/lyra-international-health-safety-policy-statement\/\">\n\t\t\t\t\t\t<span class=\"elementor-button-content-wrapper\">\n\t\t\t\t\t\t\t\t\t<span class=\"elementor-button-text\">D\u00e9claration de Lyra International sur la sant\u00e9 et la s\u00e9curit\u00e9<\/span>\n\t\t\t\t\t<\/span>\n\t\t\t\t\t<\/a>\n\t\t\t\t<\/div>\n\t\t\t\t\t\t\t\t<\/div>\n\t\t\t\t<\/div>\n\t\t\t\t\t<\/div>\n\t\t<\/div>\n\t\t\t\t\t<\/div>\n\t\t<\/section>\n\t\t\t\t\t<\/div>\n\t\t<\/div>\n\t\t\t\t\t<\/div>\n\t\t<\/section>\n\t\t\t\t<\/div>","protected":false},"excerpt":{"rendered":"<p>Our Policies Lyra Health International and its subsidiary companies and branches (referred to as \u201cLyra International\u201d in these policies) supports organisations through the promotion of the health and wellbeing of their employees, while at the same time improving productivity and reducing absence. We have been&#8230;<\/p>","protected":false},"author":5,"featured_media":0,"parent":0,"menu_order":0,"comment_status":"closed","ping_status":"closed","template":"full_width.php","meta":{"footnotes":""},"class_list":["post-4695","page","type-page","status-publish","hentry"],"yoast_head":"<!-- This site is optimized with the Yoast SEO plugin v25.3.1 - https:\/\/yoast.com\/wordpress\/plugins\/seo\/ -->\n<title>Our Policies - Lyra Health Belgium<\/title>\n<meta name=\"robots\" content=\"noindex, follow, max-snippet:-1, max-image-preview:large, max-video-preview:-1\" \/>\n<meta property=\"og:locale\" content=\"fr_FR\" \/>\n<meta property=\"og:type\" content=\"article\" \/>\n<meta property=\"og:title\" content=\"Our Policies - Lyra Health Belgium\" \/>\n<meta property=\"og:description\" content=\"Our Policies Lyra Health International and its subsidiary companies and branches (referred to as \u201cLyra International\u201d in these policies) supports organisations through the promotion of the health and wellbeing of their employees, while at the same time improving productivity and reducing absence. We have been...\" \/>\n<meta property=\"og:url\" content=\"https:\/\/lyra-wellbeing.be\/fr\/our-policies\/\" \/>\n<meta property=\"og:site_name\" content=\"Lyra Health Belgium\" \/>\n<meta property=\"article:modified_time\" content=\"2025-02-21T09:46:23+00:00\" \/>\n<meta property=\"og:image\" content=\"http:\/\/20.224.177.145\/wp-content\/uploads\/2024\/02\/our-policies-1024x706.webp\" \/>\n<meta name=\"twitter:card\" content=\"summary_large_image\" \/>\n<meta name=\"twitter:label1\" content=\"Dur\u00e9e de lecture est.\" \/>\n\t<meta name=\"twitter:data1\" content=\"1 minute\" \/>\n<script type=\"application\/ld+json\" class=\"yoast-schema-graph\">{\"@context\":\"https:\/\/schema.org\",\"@graph\":[{\"@type\":\"WebPage\",\"@id\":\"https:\/\/lyra-wellbeing.be\/our-policies\/\",\"url\":\"https:\/\/lyra-wellbeing.be\/our-policies\/\",\"name\":\"Our Policies - Lyra Health Belgium\",\"isPartOf\":{\"@id\":\"https:\/\/lyra-wellbeing.be\/#website\"},\"primaryImageOfPage\":{\"@id\":\"https:\/\/lyra-wellbeing.be\/our-policies\/#primaryimage\"},\"image\":{\"@id\":\"https:\/\/lyra-wellbeing.be\/our-policies\/#primaryimage\"},\"thumbnailUrl\":\"http:\/\/20.224.177.145\/wp-content\/uploads\/2024\/02\/our-policies-1024x706.webp\",\"datePublished\":\"2024-02-07T13:25:20+00:00\",\"dateModified\":\"2025-02-21T09:46:23+00:00\",\"breadcrumb\":{\"@id\":\"https:\/\/lyra-wellbeing.be\/our-policies\/#breadcrumb\"},\"inLanguage\":\"fr-BE\",\"potentialAction\":[{\"@type\":\"ReadAction\",\"target\":[\"https:\/\/lyra-wellbeing.be\/our-policies\/\"]}]},{\"@type\":\"ImageObject\",\"inLanguage\":\"fr-BE\",\"@id\":\"https:\/\/lyra-wellbeing.be\/our-policies\/#primaryimage\",\"url\":\"http:\/\/20.224.177.145\/wp-content\/uploads\/2024\/02\/our-policies-1024x706.webp\",\"contentUrl\":\"http:\/\/20.224.177.145\/wp-content\/uploads\/2024\/02\/our-policies-1024x706.webp\"},{\"@type\":\"BreadcrumbList\",\"@id\":\"https:\/\/lyra-wellbeing.be\/our-policies\/#breadcrumb\",\"itemListElement\":[{\"@type\":\"ListItem\",\"position\":1,\"name\":\"Home\",\"item\":\"http:\/\/lyra-wellbeing.be\/\"},{\"@type\":\"ListItem\",\"position\":2,\"name\":\"Our Policies\"}]},{\"@type\":\"WebSite\",\"@id\":\"https:\/\/lyra-wellbeing.be\/#website\",\"url\":\"https:\/\/lyra-wellbeing.be\/\",\"name\":\"Lyra Health Belgium\",\"description\":\"A Lyra Health Company\",\"potentialAction\":[{\"@type\":\"SearchAction\",\"target\":{\"@type\":\"EntryPoint\",\"urlTemplate\":\"https:\/\/lyra-wellbeing.be\/?s={search_term_string}\"},\"query-input\":{\"@type\":\"PropertyValueSpecification\",\"valueRequired\":true,\"valueName\":\"search_term_string\"}}],\"inLanguage\":\"fr-BE\"}]}<\/script>\n<!-- \/ Yoast SEO plugin. -->","yoast_head_json":{"title":"Our Policies - Lyra Health Belgium","robots":{"index":"noindex","follow":"follow","max-snippet":"max-snippet:-1","max-image-preview":"max-image-preview:large","max-video-preview":"max-video-preview:-1"},"og_locale":"fr_FR","og_type":"article","og_title":"Our Policies - Lyra Health Belgium","og_description":"Our Policies Lyra Health International and its subsidiary companies and branches (referred to as \u201cLyra International\u201d in these policies) supports organisations through the promotion of the health and wellbeing of their employees, while at the same time improving productivity and reducing absence. We have been...","og_url":"https:\/\/lyra-wellbeing.be\/fr\/our-policies\/","og_site_name":"Lyra Health Belgium","article_modified_time":"2025-02-21T09:46:23+00:00","og_image":[{"url":"http:\/\/20.224.177.145\/wp-content\/uploads\/2024\/02\/our-policies-1024x706.webp","type":"","width":"","height":""}],"twitter_card":"summary_large_image","twitter_misc":{"Dur\u00e9e de lecture est.":"1 minute"},"schema":{"@context":"https:\/\/schema.org","@graph":[{"@type":"WebPage","@id":"https:\/\/lyra-wellbeing.be\/our-policies\/","url":"https:\/\/lyra-wellbeing.be\/our-policies\/","name":"Our Policies - Lyra Health Belgium","isPartOf":{"@id":"https:\/\/lyra-wellbeing.be\/#website"},"primaryImageOfPage":{"@id":"https:\/\/lyra-wellbeing.be\/our-policies\/#primaryimage"},"image":{"@id":"https:\/\/lyra-wellbeing.be\/our-policies\/#primaryimage"},"thumbnailUrl":"http:\/\/20.224.177.145\/wp-content\/uploads\/2024\/02\/our-policies-1024x706.webp","datePublished":"2024-02-07T13:25:20+00:00","dateModified":"2025-02-21T09:46:23+00:00","breadcrumb":{"@id":"https:\/\/lyra-wellbeing.be\/our-policies\/#breadcrumb"},"inLanguage":"fr-BE","potentialAction":[{"@type":"ReadAction","target":["https:\/\/lyra-wellbeing.be\/our-policies\/"]}]},{"@type":"ImageObject","inLanguage":"fr-BE","@id":"https:\/\/lyra-wellbeing.be\/our-policies\/#primaryimage","url":"http:\/\/20.224.177.145\/wp-content\/uploads\/2024\/02\/our-policies-1024x706.webp","contentUrl":"http:\/\/20.224.177.145\/wp-content\/uploads\/2024\/02\/our-policies-1024x706.webp"},{"@type":"BreadcrumbList","@id":"https:\/\/lyra-wellbeing.be\/our-policies\/#breadcrumb","itemListElement":[{"@type":"ListItem","position":1,"name":"Home","item":"http:\/\/lyra-wellbeing.be\/"},{"@type":"ListItem","position":2,"name":"Our Policies"}]},{"@type":"WebSite","@id":"https:\/\/lyra-wellbeing.be\/#website","url":"https:\/\/lyra-wellbeing.be\/","name":"Lyra Health Belgium","description":"A Lyra Health Company","potentialAction":[{"@type":"SearchAction","target":{"@type":"EntryPoint","urlTemplate":"https:\/\/lyra-wellbeing.be\/?s={search_term_string}"},"query-input":{"@type":"PropertyValueSpecification","valueRequired":true,"valueName":"search_term_string"}}],"inLanguage":"fr-BE"}]}},"_links":{"self":[{"href":"https:\/\/lyra-wellbeing.be\/fr\/wp-json\/wp\/v2\/pages\/4695","targetHints":{"allow":["GET"]}}],"collection":[{"href":"https:\/\/lyra-wellbeing.be\/fr\/wp-json\/wp\/v2\/pages"}],"about":[{"href":"https:\/\/lyra-wellbeing.be\/fr\/wp-json\/wp\/v2\/types\/page"}],"author":[{"embeddable":true,"href":"https:\/\/lyra-wellbeing.be\/fr\/wp-json\/wp\/v2\/users\/5"}],"replies":[{"embeddable":true,"href":"https:\/\/lyra-wellbeing.be\/fr\/wp-json\/wp\/v2\/comments?post=4695"}],"version-history":[{"count":101,"href":"https:\/\/lyra-wellbeing.be\/fr\/wp-json\/wp\/v2\/pages\/4695\/revisions"}],"predecessor-version":[{"id":9176,"href":"https:\/\/lyra-wellbeing.be\/fr\/wp-json\/wp\/v2\/pages\/4695\/revisions\/9176"}],"wp:attachment":[{"href":"https:\/\/lyra-wellbeing.be\/fr\/wp-json\/wp\/v2\/media?parent=4695"}],"curies":[{"name":"wp","href":"https:\/\/api.w.org\/{rel}","templated":true}]}}